{"id":9,"date":"2020-11-30T22:03:24","date_gmt":"2020-11-30T20:03:24","guid":{"rendered":"https:\/\/fauchkrampf.wordpress.com\/?page_id=8"},"modified":"2022-02-14T13:16:59","modified_gmt":"2022-02-14T12:16:59","slug":"contact","status":"publish","type":"page","link":"https:\/\/fauchkrampf.agency\/en\/contact\/","title":{"rendered":"Kontakt"},"content":{"rendered":"\n<p>Wir freuen uns \u00fcber eure Nachrichten!<br><\/p>\n\n\n\n<p>Wenn ihr Ideen, Fragen oder Anregungen habt, schickt gern eine Mail.<br>F\u00fcr Bookinganfragen k\u00f6nnt ihr direkt mit den Booker*innen in Kontakt treten.Tontr\u00e4ger k\u00f6nnt ihr nach vorheriger Absprache am besten direkt an die unten stehende Postadresse schicken.<\/p>\n\n\n\n<h2 class=\"has-text-align-left wp-block-heading\">Kontaktiere uns<\/h2>\n\n\n\n<p>FAUCHKRAMPF! <br>MUSIC AGENCY FOR ANGRY FEMINISTS <br>MARIANNENPLATZ 2b <br>10997 Berlin <br><a href=\"mailto:hallo@fauchkrampf.agency\" data-type=\"mailto\" data-id=\"mailto:hallo@fauchkrampf.agency\">hallo@fauchkrampf.agency<\/a><\/p>\n\n\n\n<ul class=\"wp-block-social-links is-layout-flex\"><li class=\"wp-social-link wp-social-link-instagram wp-block-social-link\"><a href=\"https:\/\/instagram.com\/fauchkrampf_music_agency\/\" class=\"wp-block-social-link-anchor\"><svg width=\"24\" height=\"24\" viewBox=\"0 0 24 24\" version=\"1.1\" xmlns=\"http:\/\/www.w3.org\/2000\/svg\" aria-hidden=\"true\" focusable=\"false\"><path d=\"M12,4.622c2.403,0,2.688,0.009,3.637,0.052c0.877,0.04,1.354,0.187,1.671,0.31c0.42,0.163,0.72,0.358,1.035,0.673 c0.315,0.315,0.51,0.615,0.673,1.035c0.123,0.317,0.27,0.794,0.31,1.671c0.043,0.949,0.052,1.234,0.052,3.637 s-0.009,2.688-0.052,3.637c-0.04,0.877-0.187,1.354-0.31,1.671c-0.163,0.42-0.358,0.72-0.673,1.035 c-0.315,0.315-0.615,0.51-1.035,0.673c-0.317,0.123-0.794,0.27-1.671,0.31c-0.949,0.043-1.233,0.052-3.637,0.052 s-2.688-0.009-3.637-0.052c-0.877-0.04-1.354-0.187-1.671-0.31c-0.42-0.163-0.72-0.358-1.035-0.673 c-0.315-0.315-0.51-0.615-0.673-1.035c-0.123-0.317-0.27-0.794-0.31-1.671C4.631,14.688,4.622,14.403,4.622,12 s0.009-2.688,0.052-3.637c0.04-0.877,0.187-1.354,0.31-1.671c0.163-0.42,0.358-0.72,0.673-1.035 c0.315-0.315,0.615-0.51,1.035-0.673c0.317-0.123,0.794-0.27,1.671-0.31C9.312,4.631,9.597,4.622,12,4.622 M12,3 C9.556,3,9.249,3.01,8.289,3.054C7.331,3.098,6.677,3.25,6.105,3.472C5.513,3.702,5.011,4.01,4.511,4.511 c-0.5,0.5-0.808,1.002-1.038,1.594C3.25,6.677,3.098,7.331,3.054,8.289C3.01,9.249,3,9.556,3,12c0,2.444,0.01,2.751,0.054,3.711 c0.044,0.958,0.196,1.612,0.418,2.185c0.23,0.592,0.538,1.094,1.038,1.594c0.5,0.5,1.002,0.808,1.594,1.038 c0.572,0.222,1.227,0.375,2.185,0.418C9.249,20.99,9.556,21,12,21s2.751-0.01,3.711-0.054c0.958-0.044,1.612-0.196,2.185-0.418 c0.592-0.23,1.094-0.538,1.594-1.038c0.5-0.5,0.808-1.002,1.038-1.594c0.222-0.572,0.375-1.227,0.418-2.185 C20.99,14.751,21,14.444,21,12s-0.01-2.751-0.054-3.711c-0.044-0.958-0.196-1.612-0.418-2.185c-0.23-0.592-0.538-1.094-1.038-1.594 c-0.5-0.5-1.002-0.808-1.594-1.038c-0.572-0.222-1.227-0.375-2.185-0.418C14.751,3.01,14.444,3,12,3L12,3z M12,7.378 c-2.552,0-4.622,2.069-4.622,4.622S9.448,16.622,12,16.622s4.622-2.069,4.622-4.622S14.552,7.378,12,7.378z M12,15 c-1.657,0-3-1.343-3-3s1.343-3,3-3s3,1.343,3,3S13.657,15,12,15z M16.804,6.116c-0.596,0-1.08,0.484-1.08,1.08 s0.484,1.08,1.08,1.08c0.596,0,1.08-0.484,1.08-1.08S17.401,6.116,16.804,6.116z\"><\/path><\/svg><span class=\"wp-block-social-link-label screen-reader-text\">Instagram<\/span><\/a><\/li>\n\n<li class=\"wp-social-link wp-social-link-facebook wp-block-social-link\"><a href=\"https:\/\/facebook.com\/fauchkrampf\/\" class=\"wp-block-social-link-anchor\"><svg width=\"24\" height=\"24\" viewBox=\"0 0 24 24\" version=\"1.1\" xmlns=\"http:\/\/www.w3.org\/2000\/svg\" aria-hidden=\"true\" focusable=\"false\"><path d=\"M12 2C6.5 2 2 6.5 2 12c0 5 3.7 9.1 8.4 9.9v-7H7.9V12h2.5V9.8c0-2.5 1.5-3.9 3.8-3.9 1.1 0 2.2.2 2.2.2v2.5h-1.3c-1.2 0-1.6.8-1.6 1.6V12h2.8l-.4 2.9h-2.3v7C18.3 21.1 22 17 22 12c0-5.5-4.5-10-10-10z\"><\/path><\/svg><span class=\"wp-block-social-link-label screen-reader-text\">Facebook<\/span><\/a><\/li><\/ul>\n\n\n\n<div style=\"height:32px\" aria-hidden=\"true\" class=\"wp-block-spacer desktop-only\"><\/div>\n\n\n\n<div class=\"wp-block-group alignwide is-layout-flow\"><div class=\"wp-block-group__inner-container\">\n<div class=\"wp-block-columns alignwide has-2-columns is-layout-flex wp-container-3\">\n<div class=\"wp-block-column is-layout-flow\"><\/div>\n<\/div>\n<\/div><\/div>\n","protected":false},"excerpt":{"rendered":"<p>Wir freuen uns \u00fcber eure Nachrichten! Wenn ihr Ideen, Fragen oder Anregungen habt, schickt gern eine Mail.F\u00fcr Bookinganfragen k\u00f6nnt ihr direkt mit den Booker*innen in Kontakt treten.Tontr\u00e4ger k\u00f6nnt ihr nach vorheriger Absprache am besten direkt an die unten stehende Postadresse schicken. Kontaktiere uns FAUCHKRAMPF! MUSIC AGENCY FOR ANGRY FEMINISTS MARIANNENPLATZ 2b 10997 Berlin hallo@fauchkrampf.agency<\/p>\n","protected":false},"author":1,"featured_media":0,"parent":0,"menu_order":0,"comment_status":"closed","ping_status":"closed","template":"","meta":[],"translation":{"provider":"WPGlobus","version":"3.0.2","language":"en","enabled_languages":["de","en"],"languages":{"de":{"title":true,"content":true,"excerpt":false},"en":{"title":false,"content":false,"excerpt":false}}},"_links":{"self":[{"href":"https:\/\/fauchkrampf.agency\/en\/wp-json\/wp\/v2\/pages\/9"}],"collection":[{"href":"https:\/\/fauchkrampf.agency\/en\/wp-json\/wp\/v2\/pages"}],"about":[{"href":"https:\/\/fauchkrampf.agency\/en\/wp-json\/wp\/v2\/types\/page"}],"author":[{"embeddable":true,"href":"https:\/\/fauchkrampf.agency\/en\/wp-json\/wp\/v2\/users\/1"}],"replies":[{"embeddable":true,"href":"https:\/\/fauchkrampf.agency\/en\/wp-json\/wp\/v2\/comments?post=9"}],"version-history":[{"count":6,"href":"https:\/\/fauchkrampf.agency\/en\/wp-json\/wp\/v2\/pages\/9\/revisions"}],"predecessor-version":[{"id":472,"href":"https:\/\/fauchkrampf.agency\/en\/wp-json\/wp\/v2\/pages\/9\/revisions\/472"}],"wp:attachment":[{"href":"https:\/\/fauchkrampf.agency\/en\/wp-json\/wp\/v2\/media?parent=9"}],"curies":[{"name":"wp","href":"https:\/\/api.w.org\/{rel}","templated":true}]}}